{"id":2,"date":"2025-11-24T11:18:27","date_gmt":"2025-11-24T10:18:27","guid":{"rendered":"https:\/\/www.equilieu.com\/?page_id=2"},"modified":"2025-11-24T11:52:47","modified_gmt":"2025-11-24T10:52:47","slug":"page-d-exemple","status":"publish","type":"page","link":"https:\/\/www.equilieu.com\/?page_id=2","title":{"rendered":"C&rsquo;est quoi ?"},"content":{"rendered":"\n<p>Le terme \u00ab\u00a0\u00e9quilieu\u00a0\u00bb a \u00e9t\u00e9 vu pour la premi\u00e8re fois sur le site  <a href=\"https:\/\/www.domainedalbizia.com\/\">https:\/\/www.domainedalbizia.com\/<\/a>, cr\u00e9\u00e9 par Aur\u00e9lie Dressayre.<\/p>\n\n\n\n<p>Ce site a pour vocation de recenser les Equilieux, selon les mots d&rsquo;Aur\u00e9lie : <\/p>\n\n\n\n<blockquote class=\"wp-block-quote is-layout-flow wp-block-quote-is-layout-flow\">\n<p>ici, le cheval n\u2019est pas un simple outil de sport ou de loisir, mais un partenaire \u00e0 part enti\u00e8re, dont la compr\u00e9hension et le respect guident chaque interaction.\u00a0<\/p>\n<\/blockquote>\n\n\n\n<blockquote class=\"wp-block-quote is-layout-flow wp-block-quote-is-layout-flow\">\n<p>bien plus qu\u2019une \u00e9curie : un v\u00e9ritable \u00e9cosyst\u00e8me o\u00f9 le cheval est au c\u0153ur d\u2019un projet aussi audacieux qu\u2019inspirant.<\/p>\n<\/blockquote>\n\n\n\n<h2 class=\"wp-block-heading\">Comment inscrire votre lieu sur cette carte ?<\/h2>\n\n\n\n<p>Remplissez le formulaire ici : <a href=\"https:\/\/equilieu.gogocarto.fr\/elements\/add\">https:\/\/equilieu.gogocarto.fr\/elements\/add<\/a><\/p>\n","protected":false},"excerpt":{"rendered":"<p>Le terme \u00ab\u00a0\u00e9quilieu\u00a0\u00bb a \u00e9t\u00e9 vu pour la premi\u00e8re fois sur le site https:\/\/www.domainedalbizia.com\/, cr\u00e9\u00e9 par Aur\u00e9lie Dressayre. Ce site a pour vocation de recenser les Equilieux, selon les mots d&rsquo;Aur\u00e9lie : ici, le cheval n\u2019est pas un simple outil de sport ou de loisir, mais un partenaire \u00e0 part enti\u00e8re, dont la compr\u00e9hension et&hellip;&nbsp;<\/p>\n","protected":false},"author":1,"featured_media":0,"parent":0,"menu_order":0,"comment_status":"closed","ping_status":"open","template":"","meta":{"neve_meta_sidebar":"","neve_meta_container":"","neve_meta_enable_content_width":"","neve_meta_content_width":0,"neve_meta_title_alignment":"","neve_meta_author_avatar":"","neve_post_elements_order":"","neve_meta_disable_header":"","neve_meta_disable_footer":"","neve_meta_disable_title":"","footnotes":""},"class_list":["post-2","page","type-page","status-publish","hentry"],"_links":{"self":[{"href":"https:\/\/www.equilieu.com\/index.php?rest_route=\/wp\/v2\/pages\/2","targetHints":{"allow":["GET"]}}],"collection":[{"href":"https:\/\/www.equilieu.com\/index.php?rest_route=\/wp\/v2\/pages"}],"about":[{"href":"https:\/\/www.equilieu.com\/index.php?rest_route=\/wp\/v2\/types\/page"}],"author":[{"embeddable":true,"href":"https:\/\/www.equilieu.com\/index.php?rest_route=\/wp\/v2\/users\/1"}],"replies":[{"embeddable":true,"href":"https:\/\/www.equilieu.com\/index.php?rest_route=%2Fwp%2Fv2%2Fcomments&post=2"}],"version-history":[{"count":2,"href":"https:\/\/www.equilieu.com\/index.php?rest_route=\/wp\/v2\/pages\/2\/revisions"}],"predecessor-version":[{"id":22,"href":"https:\/\/www.equilieu.com\/index.php?rest_route=\/wp\/v2\/pages\/2\/revisions\/22"}],"wp:attachment":[{"href":"https:\/\/www.equilieu.com\/index.php?rest_route=%2Fwp%2Fv2%2Fmedia&parent=2"}],"curies":[{"name":"wp","href":"https:\/\/api.w.org\/{rel}","templated":true}]}}